{"id":22730,"date":"2025-03-04T18:18:54","date_gmt":"2025-03-04T17:18:54","guid":{"rendered":"https:\/\/www.themusicfactory.it\/nadop\/?page_id=22730"},"modified":"2025-03-04T19:58:21","modified_gmt":"2025-03-04T18:58:21","slug":"linguaggi-dellanima-ritmi-dequita","status":"publish","type":"page","link":"https:\/\/www.themusicfactory.it\/nadop\/linguaggi-dellanima-ritmi-dequita\/","title":{"rendered":"LINGUAGGI dell&#8217;ANIMA &#8211; RITMI d&#8217;EQUITA&#8217;"},"content":{"rendered":"<figure id=\"attachment_22732\" aria-describedby=\"caption-attachment-22732\" style=\"width: 1131px\" class=\"wp-caption alignright\"><a href=\"https:\/\/www.themusicfactory.it\/nadop\/wp-content\/uploads\/2025\/03\/Locandina-conferenza-7-122024.jpeg\"><img loading=\"lazy\" decoding=\"async\" class=\"size-full wp-image-22732\" src=\"https:\/\/www.themusicfactory.it\/nadop\/wp-content\/uploads\/2025\/03\/Locandina-conferenza-7-122024.jpeg\" alt=\"\" width=\"1131\" height=\"1600\" srcset=\"https:\/\/www.themusicfactory.it\/nadop\/wp-content\/uploads\/2025\/03\/Locandina-conferenza-7-122024.jpeg 1131w, https:\/\/www.themusicfactory.it\/nadop\/wp-content\/uploads\/2025\/03\/Locandina-conferenza-7-122024-424x600.jpeg 424w, https:\/\/www.themusicfactory.it\/nadop\/wp-content\/uploads\/2025\/03\/Locandina-conferenza-7-122024-724x1024.jpeg 724w, https:\/\/www.themusicfactory.it\/nadop\/wp-content\/uploads\/2025\/03\/Locandina-conferenza-7-122024-768x1086.jpeg 768w, https:\/\/www.themusicfactory.it\/nadop\/wp-content\/uploads\/2025\/03\/Locandina-conferenza-7-122024-1086x1536.jpeg 1086w\" sizes=\"auto, (max-width: 767px) 89vw, (max-width: 1000px) 54vw, (max-width: 1071px) 543px, 580px\" \/><\/a><figcaption id=\"caption-attachment-22732\" class=\"wp-caption-text\">Linguaggi dell&#8217;anima &#8211; Ritmi di equita&#8217;<\/figcaption><\/figure>\n\n\n<p><strong>\u201cLinguaggi dell\u2019anima &#8211; ritmi di equit\u00e0\u201d<\/strong> \u00e8 il nuovo progetto di <strong>Napolidaorainpoi APS <\/strong>che con <strong>Citt\u00e0 di Capri<\/strong> accende i riflettori sulla conoscenza di realt\u00e0 importanti che operano nel sociale.\u00a0Incontri, dibattiti, attivit\u00e0 pratiche e divulgative con l&#8217;intento di formare un unico grande \u201csodalizio\u201d che si allarghi tra cittadini, Comuni, Enti, Artisti, Associazioni di categoria, aziende, ONLUS. <strong>Un viaggio collettivo per sensibilizzare e valorizzare le nostre radici comuni di \u201cesseri umani\u201d.<\/strong><\/p>\n\n\n\n<p>&nbsp;Il progetto promuove:<\/p>\n\n\n\n<p>1.&nbsp;&nbsp;&nbsp;&nbsp;&nbsp;un confronto condiviso sul tema principale <strong>\u201cDiritti umani e dignit\u00e0: essenza dell\u2019essere umano\u201d<\/strong> con le testimonianze di tutte le realt\u00e0 che, concretamente, si muovono rispetto alla loro missione in nome di questo tema;<\/p>\n\n\n\n<p>2.\u00a0\u00a0\u00a0\u00a0\u00a0attivit\u00e0 tese ad <strong>interconnettere e creare sinergie<\/strong>, per affrontare, e risolvere, passo dopo passo, problematiche complesse con l\u2019unico obiettivo di <strong>disegnare prospettive di equit\u00e0<\/strong>;<\/p>\n\n\n\n<p>3.&nbsp;&nbsp;&nbsp;&nbsp;&nbsp;attivit\u00e0 (<strong>cultura, arte, musica, tradizioni, enogastronomia e territorio<\/strong>) che arricchendo l&#8217;esperienza degli incontri, nelle giornate dedicate al progetto, diventino un <strong>potente catalizzatore per ispirare<\/strong>, <strong>motivare e unire le persone attorno a cause comuni<\/strong>.&nbsp;<\/p>\n\n\n\n<p><\/p>\n","protected":false},"excerpt":{"rendered":"<p>\u201cLinguaggi dell\u2019anima &#8211; ritmi di equit\u00e0\u201d \u00e8 il nuovo progetto di Napolidaorainpoi APS che con Citt\u00e0 di Capri accende i riflettori sulla conoscenza di realt\u00e0 importanti che operano nel sociale.\u00a0Incontri, dibattiti, attivit\u00e0 pratiche e divulgative con l&#8217;intento di formare un unico grande \u201csodalizio\u201d che si allarghi tra cittadini, Comuni, Enti, Artisti, Associazioni di categoria, aziende, &hellip; <\/p>\n<p class=\"link-more\"><a href=\"https:\/\/www.themusicfactory.it\/nadop\/linguaggi-dellanima-ritmi-dequita\/\" class=\"more-link\">Leggi tutto<span class=\"screen-reader-text\"> &#8220;LINGUAGGI dell&#8217;ANIMA &#8211; RITMI d&#8217;EQUITA&#8217;&#8221;<\/span><\/a><\/p>\n","protected":false},"author":1,"featured_media":0,"parent":0,"menu_order":0,"comment_status":"closed","ping_status":"closed","template":"","meta":{"footnotes":""},"class_list":["post-22730","page","type-page","status-publish","hentry"],"_links":{"self":[{"href":"https:\/\/www.themusicfactory.it\/nadop\/wp-json\/wp\/v2\/pages\/22730","targetHints":{"allow":["GET"]}}],"collection":[{"href":"https:\/\/www.themusicfactory.it\/nadop\/wp-json\/wp\/v2\/pages"}],"about":[{"href":"https:\/\/www.themusicfactory.it\/nadop\/wp-json\/wp\/v2\/types\/page"}],"author":[{"embeddable":true,"href":"https:\/\/www.themusicfactory.it\/nadop\/wp-json\/wp\/v2\/users\/1"}],"replies":[{"embeddable":true,"href":"https:\/\/www.themusicfactory.it\/nadop\/wp-json\/wp\/v2\/comments?post=22730"}],"version-history":[{"count":8,"href":"https:\/\/www.themusicfactory.it\/nadop\/wp-json\/wp\/v2\/pages\/22730\/revisions"}],"predecessor-version":[{"id":22803,"href":"https:\/\/www.themusicfactory.it\/nadop\/wp-json\/wp\/v2\/pages\/22730\/revisions\/22803"}],"wp:attachment":[{"href":"https:\/\/www.themusicfactory.it\/nadop\/wp-json\/wp\/v2\/media?parent=22730"}],"curies":[{"name":"wp","href":"https:\/\/api.w.org\/{rel}","templated":true}]}}